{"id":861,"date":"2024-06-27T00:48:00","date_gmt":"2024-06-27T05:48:00","guid":{"rendered":"https:\/\/clubwigup.ca\/ec\/connexion-inscription\/"},"modified":"2024-06-27T00:48:00","modified_gmt":"2024-06-27T05:48:00","slug":"connexion-inscription","status":"publish","type":"page","link":"https:\/\/clubwigup.ca\/ec\/fr\/connexion-inscription\/","title":{"rendered":"Connexion \/ Inscription"},"content":{"rendered":"<div class=\"wpb-content-wrapper\"><p>[vc_row][vc_column][vc_column_text]<\/p>\n<div class=\"content-wrap\">\n<div class=\"row\">\n<div class=\"left-col col-md-6 col-sm-12 col-12\">\n<div class=\"overlay\">\n<div class=\"overlay-img\"><\/div>\n<div class=\"overlay-bg bg-gradient-primary\"><\/div>\n<\/div>\n<div class=\"inner\">\n<h1 class=\"section-title\">Bienvenue au club WIGUP English and creativity<\/h1>\n<p class=\"section-desc\">English &amp; Creativity est un club amusant pour am\u00e9liorer vos comp\u00e9tences en anglais langue seconde (ESL). Gr\u00e2ce \u00e0 des activit\u00e9s cr\u00e9atives et des vid\u00e9os inspirantes \u00e0 regarder, vous augmenterez votre aisance dans un contexte r\u00e9el de vie.<\/p>\n<\/div>\n<\/div>\n<div class=\"left-col col-md-6 col-sm-12 col-12\">\r\n    <div class=\"auth-shortcode auth-box-wrap\">\r\n\t\t<div class=\"auth-box\">\r\n\t\t\t\t\t\t\t<div class=\"tabs\">\r\n\t\t\t\t\t<ul class=\"tab-headers\">\r\n\t\t\t\t\t\t<li class=\"tab-item\"><a href=\"#login\">Connexion<\/a><\/li>\r\n\t\t\t\t\t\t<li class=\"tab-item\"><a href=\"#register\">S&#039;abonner<\/a><\/li>\r\n\t\t\t\t\t<\/ul>\r\n\r\n\t\t\t\t\t<div class=\"tab-content\">\r\n\t\t\t\t\t\t<div id=\"login\" class=\"tab-pane\">\r\n\t\t\t\t\t\t\t\t\t\t\t\t\t\t\t\r\n<h3>\u00c9crivez vos informations<\/h3>\r\n<div class=\"form-login\">\r\n\t\r\n\t\t<form name=\"loginform\" id=\"loginform\" action=\"https:\/\/clubwigup.ca\/ec\/wp-login.php\" method=\"post\"><p class=\"login-username\">\n\t\t\t\t<label for=\"user_login\">Identifiant ou adresse e-mail<\/label>\n\t\t\t\t<input type=\"text\" name=\"log\" placeholder=\"Courriel ou nom d\u2019utilisateur\" id=\"user_login\" autocomplete=\"username\" class=\"input\" value=\"\" size=\"20\" \/>\n\t\t\t<\/p><p class=\"login-password\">\n\t\t\t\t<label for=\"user_pass\">Mot de passe<\/label>\n\t\t\t\t<input type=\"password\" name=\"pwd\" placeholder=\"Mot de passe\" id=\"user_pass\" autocomplete=\"current-password\" spellcheck=\"false\" class=\"input\" value=\"\" size=\"20\" \/>\n\t\t\t<\/p><p class=\"login-remember inline-control checkbox-control\"><input name=\"rememberme\" type=\"checkbox\" id=\"rememberme\" value=\"forever\" \/><label for=\"rememberme\">Se souvenir de moi<\/label><\/p><p class=\"login-submit\">\n\t\t\t\t<input type=\"submit\" name=\"wp-submit\" id=\"wp-submit\" class=\"button button-primary\" value=\"Se connecter\" \/>\n\t\t\t\t<input type=\"hidden\" name=\"redirect_to\" value=\"https:\/\/clubwigup.ca\/ec\/fr\/wp-json\/wp\/v2\/pages\/861\" \/>\n\t\t\t<\/p><\/form>\t<small class=\"help-link\"><a href=\"https:\/\/clubwigup.ca\/ec\/fr\/wp-json\/wp\/v2\/pages\/861\/?lost_pass=1#login\">Mot de passe oubli\u00e9?<\/a><\/small>\r\n<\/div>\t\t\t\t\t\t\t\t\t\t\t\t\t<\/div>\r\n\r\n\t\t\t\t\t\t<div id=\"register\" class=\"tab-pane\">\r\n\t\t\t\t\t\t\t\r\n\r\n\t<div class=\"form-register\">\r\n\t\t\r\n\t\t\t\t\t<small class=\"help-link\">\r\n\t\t\t\t\t<form id=\"edd_purchase_888\" class=\"edd_download_purchase_form edd_purchase_888\" method=\"post\">\n\n\t\t\n\t\t<div class=\"edd_purchase_submit_wrapper\">\n\t\t\t<button class=\"edd-add-to-cart text white edd-submit wig-purchase-link\" data-nonce=\"eccd4e3129\" data-timestamp=\"1775254938\" data-token=\"85db89fb18f3bd02fde45e0f7f996e367669e977f6aaaebc329cc1e83addb920\" data-action=\"edd_add_to_cart\" data-download-id=\"888\" data-variable-price=\"no\" data-price-mode=single data-price=\"77.00\" ><span class=\"edd-add-to-cart-label\">77.00&#36;&nbsp;&ndash;&nbsp;Acheter maintenant<\/span> <span class=\"edd-loading\" aria-label=\"Chargement en cours\"><\/span><\/button><input type=\"submit\" class=\"edd-add-to-cart edd-no-js text white edd-submit wig-purchase-link\" name=\"edd_purchase_download\" value=\"77.00&#036;&nbsp;&ndash;&nbsp;Acheter maintenant\" data-action=\"edd_add_to_cart\" data-download-id=\"888\" data-variable-price=\"no\" data-price-mode=single \/><a href=\"https:\/\/clubwigup.ca\/ec\/fr\/achat\/\" class=\"edd_go_to_checkout text white edd-submit wig-purchase-link\" style=\"display:none;\">Don\u2019t have an access code? Purchase a subscription<\/a>\n\t\t\t\t\t\t\t<span class=\"edd-cart-ajax-alert\" aria-live=\"assertive\">\n\t\t\t\t\t<span class=\"edd-cart-added-alert\" style=\"display: none;\">\n\t\t\t\t\t\t<svg class=\"edd-icon edd-icon-check\" xmlns=\"http:\/\/www.w3.org\/2000\/svg\" width=\"28\" height=\"28\" viewBox=\"0 0 28 28\" aria-hidden=\"true\">\n\t\t\t\t\t\t\t<path d=\"M26.11 8.844c0 .39-.157.78-.44 1.062L12.234 23.344c-.28.28-.672.438-1.062.438s-.78-.156-1.06-.438l-7.782-7.78c-.28-.282-.438-.673-.438-1.063s.156-.78.438-1.06l2.125-2.126c.28-.28.672-.438 1.062-.438s.78.156 1.062.438l4.594 4.61L21.42 5.656c.282-.28.673-.438 1.063-.438s.78.155 1.062.437l2.125 2.125c.28.28.438.672.438 1.062z\"\/>\n\t\t\t\t\t\t<\/svg>\n\t\t\t\t\t\tAjout\u00e9 au panier\t\t\t\t\t<\/span>\n\t\t\t\t<\/span>\n\t\t\t\t\t\t\t\t\t\t\t\t\t\t\t<\/div><!--end .edd_purchase_submit_wrapper-->\n\n\t\t<input type=\"hidden\" name=\"download_id\" value=\"888\">\n\t\t\t\t\t\t\t<input type=\"hidden\" name=\"edd_action\" class=\"edd_action_input\" value=\"add_to_cart\">\n\t\t\n\t\t\t\t\t<input type=\"hidden\" name=\"edd_redirect_to_checkout\" value=\"1\">\n\t\t\n\t\t\n\t<\/form><!--end #edd_purchase_888-->\n\t\t\t<\/small>\r\n\t\t\t\t<br>\r\n\r\n\t\t\t\t\t<form name=\"registerform\" id=\"registerform\" action=\"https:\/\/clubwigup.ca\/ec\/wp-admin\/admin-post.php\" method=\"post\">\r\n\t\t\t\t<div>\r\n\t\t\t\t\t<p>\r\n\t\t\t\t\t\t<input type=\"text\" name=\"access_code\" id=\"access_code\" placeholder=\"Code d&#039;acc\u00e8s\" class=\"input\" value=\"\" autocapitalize=\"off\" required>\r\n\t\t\t\t\t<\/p>\r\n\t\t\t\t\t<br>\r\n\r\n\t\t\t\t\t<div class=\"parent_informations\" style=\"display: none\">\r\n\t\t\t\t\t\t<h3>Informations sur les parents<\/h3>\r\n\t\t\t\t\t\t<p>\r\n\t\t\t\t\t\t\t<input type=\"text\" name=\"first_name\" id=\"first_name\" placeholder=\"Pr\u00e9nom\" class=\"input\" value=\"\" required>\r\n\t\t\t\t\t\t<\/p>\r\n\t\t\t\t\t\t<p>\r\n\t\t\t\t\t\t\t<input type=\"text\" name=\"last_name\" id=\"last_name\" placeholder=\"Nom\" class=\"input\" value=\"\" required>\r\n\t\t\t\t\t\t<\/p>\r\n\t\t\t\t\t\t<p>\r\n\t\t\t\t\t\t\t<input type=\"email\" name=\"email\" id=\"email\" placeholder=\"Adresse courriel\" class=\"input\" value=\"\" required>\r\n\t\t\t\t\t\t<\/p>\r\n\t\t\t\t\t\t<p>\r\n\t\t\t\t\t\t\t<input type=\"password\" name=\"password\" id=\"password\" placeholder=\"Mot de passe\" class=\"input\" value=\"\" required>\r\n\t\t\t\t\t\t<\/p>\r\n\t\t\t\t\t\t<br>\r\n\t\t\t\t\t\t<h3>Informations sur l\u2019enfant<\/h3>\r\n\t\t\t\t\t\t<p>\r\n\t\t\t\t\t\t\t<input type=\"text\" name=\"username\" id=\"username\" placeholder=\"Nom d&#039;utilisateur\" class=\"input\" value=\"\" autocapitalize=\"off\" required>\r\n\t\t\t\t\t\t<\/p>\r\n\t\t\t\t\t<\/div>\r\n\t\t\t\t<\/div>\r\n\r\n\t\t\t\t<br>\r\n\t\t\t\t<p class=\"submit\">\r\n\t\t\t\t\t<input type=\"hidden\" id=\"wig-register-nonce\" name=\"wig-register-nonce\" value=\"5ff43ea52c\" \/><input type=\"hidden\" name=\"_wp_http_referer\" value=\"\/ec\/fr\/wp-json\/wp\/v2\/pages\/861\" \/>\t\t\t\t\t<input type=\"hidden\" name=\"action\" value=\"wig_register_form\">\r\n\t\t\t\t\t<input type=\"hidden\" name=\"method\" value=\"access_code\">\r\n\t\t\t\t\t<input type=\"hidden\" name=\"redirect_to\" value=\"https:\/\/clubwigup.ca\/ec\/fr\/wp-json\/wp\/v2\/pages\/861\/\">\r\n\r\n\t\t\t\t\t<input type=\"reset\" class=\"btn btn-default btn-cancel cancel\" value=\"Annuler\">\r\n\t\t\t\t\t<input type=\"submit\" id=\"wp-submit\" class=\"btn btn-primary btn-submit disabled\" value=\"S&#039;inscrire\" disabled \/>\r\n\t\t\t\t<\/p>\r\n\t\t\t<\/form>\r\n\t\t\t<\/div>\r\n\r\n\t\t\t\t\t\t<\/div>\r\n\t\t\t\t\t<\/div>\r\n\t\t\t\t<\/div>\r\n\t\t\t\t\t<\/div>\r\n    <\/div>\r\n\r\n    <\/div>\n<\/div>\n<\/div>\n<p>[\/vc_column_text][\/vc_column][\/vc_row]<\/p>\n<\/div>","protected":false},"excerpt":{"rendered":"[vc_row][vc_column][vc_column_text] Bienvenue au club WIGUP English and creativity English &amp; Creativity est un club amusant pour am\u00e9liorer vos comp\u00e9tences en anglais langue seconde (ESL). Gr\u00e2ce \u00e0 des activit\u00e9s cr\u00e9atives et&hellip;","protected":false},"author":8,"featured_media":0,"parent":0,"menu_order":0,"comment_status":"closed","ping_status":"closed","template":"page-no-title.php","meta":{"footnotes":""},"_links":{"self":[{"href":"https:\/\/clubwigup.ca\/ec\/fr\/wp-json\/wp\/v2\/pages\/861"}],"collection":[{"href":"https:\/\/clubwigup.ca\/ec\/fr\/wp-json\/wp\/v2\/pages"}],"about":[{"href":"https:\/\/clubwigup.ca\/ec\/fr\/wp-json\/wp\/v2\/types\/page"}],"author":[{"embeddable":true,"href":"https:\/\/clubwigup.ca\/ec\/fr\/wp-json\/wp\/v2\/users\/8"}],"replies":[{"embeddable":true,"href":"https:\/\/clubwigup.ca\/ec\/fr\/wp-json\/wp\/v2\/comments?post=861"}],"version-history":[{"count":2,"href":"https:\/\/clubwigup.ca\/ec\/fr\/wp-json\/wp\/v2\/pages\/861\/revisions"}],"predecessor-version":[{"id":863,"href":"https:\/\/clubwigup.ca\/ec\/fr\/wp-json\/wp\/v2\/pages\/861\/revisions\/863"}],"wp:attachment":[{"href":"https:\/\/clubwigup.ca\/ec\/fr\/wp-json\/wp\/v2\/media?parent=861"}],"curies":[{"name":"wp","href":"https:\/\/api.w.org\/{rel}","templated":true}]}}